{"id":3114,"date":"2024-06-14T06:17:26","date_gmt":"2024-06-14T06:17:26","guid":{"rendered":"https:\/\/trankad.modeltheme.com\/elementor\/?page_id=3114"},"modified":"2025-04-01T12:47:33","modified_gmt":"2025-04-01T10:47:33","slug":"conseil-test","status":"publish","type":"page","link":"https:\/\/isonia-conseil.fr\/index.php\/main-home-2\/conseil-test\/","title":{"rendered":"R\u00e8glement int\u00e9rieur"},"content":{"rendered":"\t\t<div data-elementor-type=\"wp-page\" data-elementor-id=\"3114\" class=\"elementor elementor-3114\">\n\t\t\t\t\t\t<section class=\"elementor-section elementor-top-section elementor-element elementor-element-1252b0d elementor-section-stretched elementor-section-boxed elementor-section-height-default elementor-section-height-default\" data-id=\"1252b0d\" data-element_type=\"section\" data-settings=\"{&quot;background_background&quot;:&quot;classic&quot;,&quot;stretch_section&quot;:&quot;section-stretched&quot;}\">\n\t\t\t\t\t\t<div class=\"elementor-container elementor-column-gap-default\">\n\t\t\t\t\t<div class=\"elementor-column elementor-col-100 elementor-top-column elementor-element elementor-element-a919a0a\" data-id=\"a919a0a\" data-element_type=\"column\">\n\t\t\t<div class=\"elementor-widget-wrap elementor-element-populated\">\n\t\t\t\t\t\t<div class=\"elementor-element elementor-element-0192a90 elementor-widget elementor-widget-spacer\" data-id=\"0192a90\" data-element_type=\"widget\" data-widget_type=\"spacer.default\">\n\t\t\t\t<div class=\"elementor-widget-container\">\n\t\t\t\t\t\t\t<div class=\"elementor-spacer\">\n\t\t\t<div class=\"elementor-spacer-inner\"><\/div>\n\t\t<\/div>\n\t\t\t\t\t\t<\/div>\n\t\t\t\t<\/div>\n\t\t\t\t\t<\/div>\n\t\t<\/div>\n\t\t\t\t\t<\/div>\n\t\t<\/section>\n\t\t<div class=\"elementor-element elementor-element-5b53e65 e-con-full e-flex e-con e-parent\" data-id=\"5b53e65\" data-element_type=\"container\">\n\t\t\t\t<div class=\"elementor-element elementor-element-36a38df elementor-widget elementor-widget-heading\" data-id=\"36a38df\" data-element_type=\"widget\" data-widget_type=\"heading.default\">\n\t\t\t\t<div class=\"elementor-widget-container\">\n\t\t\t\t\t<h2 class=\"elementor-heading-title elementor-size-default\">R\u00e8glement int\u00e9rieur - Isonia Conseil<\/h2>\t\t\t\t<\/div>\n\t\t\t\t<\/div>\n\t\t\t\t<div class=\"elementor-element elementor-element-80831b6 elementor-widget-divider--view-line elementor-widget elementor-widget-divider\" data-id=\"80831b6\" data-element_type=\"widget\" data-widget_type=\"divider.default\">\n\t\t\t\t<div class=\"elementor-widget-container\">\n\t\t\t\t\t\t\t<div class=\"elementor-divider\">\n\t\t\t<span class=\"elementor-divider-separator\">\n\t\t\t\t\t\t<\/span>\n\t\t<\/div>\n\t\t\t\t\t\t<\/div>\n\t\t\t\t<\/div>\n\t\t\t\t<\/div>\n\t\t<div class=\"elementor-element elementor-element-9f8e188 e-flex e-con-boxed e-con e-parent\" data-id=\"9f8e188\" data-element_type=\"container\">\n\t\t\t\t\t<div class=\"e-con-inner\">\n\t\t\t\t<div class=\"elementor-element elementor-element-0d139ad elementor-widget elementor-widget-text-editor\" data-id=\"0d139ad\" data-element_type=\"widget\" data-widget_type=\"text-editor.default\">\n\t\t\t\t<div class=\"elementor-widget-container\">\n\t\t\t\t\t\t\t\t\t<p><strong><u>Application<\/u><\/strong><\/p><p style=\"font-weight: 400;\">Ce r\u00e8glement s\u2019applique \u00e0 tous les stagiaires suivant une formation organis\u00e9e par ISONIA CONSEIL, qu\u2019elle se d\u00e9roule dans nos locaux, \u00e0 distance ou au sein d\u2019une entreprise cliente. Il vise \u00e0 garantir le bon d\u00e9roulement des sessions, dans un cadre respectueux, s\u00e9curis\u00e9 et inclusif.<\/p><p><strong><u>Article 1 \u2013 R\u00e8gles de vie en formation<\/u><\/strong><\/p><p style=\"font-weight: 400;\">&#8211; Assiduit\u00e9 &amp; ponctualit\u00e9 : La pr\u00e9sence \u00e0 l\u2019int\u00e9gralit\u00e9 de la formation est obligatoire. Toute absence ou retard doit \u00eatre signal\u00e9 au plus t\u00f4t.<\/p><p style=\"font-weight: 400;\">&#8211; Comportement : Une attitude respectueuse envers l\u2019\u00e9quipe p\u00e9dagogique et les autres participants est exig\u00e9e. Tout comportement inappropri\u00e9 pourra entra\u00eener une exclusion.<\/p><p style=\"font-weight: 400;\">&#8211; Utilisation du mat\u00e9riel : Le mat\u00e9riel p\u00e9dagogique mis \u00e0 disposition doit \u00eatre utilis\u00e9 avec soin. Toute d\u00e9gradation volontaire entra\u00eenera une sanction.<\/p><p><strong><u>Article 2 \u2013 Hygi\u00e8ne &amp; s\u00e9curit\u00e9<\/u><\/strong><\/p><p style=\"font-weight: 400;\">&#8211; Les stagiaires doivent se conformer aux consignes de s\u00e9curit\u00e9 en vigueur (\u00e9vacuation, incendie, etc.).<\/p><p style=\"font-weight: 400;\">&#8211; Il est interdit de fumer ou vapoter dans les espaces de formation.<\/p><p style=\"font-weight: 400;\">&#8211; Tout comportement mettant en danger la s\u00e9curit\u00e9 d\u2019autrui est formellement interdit.<\/p><p><strong><u>Article 3 \u2013 Sanctions disciplinaires<\/u><\/strong><\/p><p style=\"font-weight: 400;\">En cas de non-respect du pr\u00e9sent r\u00e8glement, des mesures gradu\u00e9es peuvent \u00eatre prises :<\/p><p style=\"font-weight: 400;\">&#8211; Avertissement oral ou \u00e9crit<\/p><p style=\"font-weight: 400;\">&#8211; Exclusion temporaire ou d\u00e9finitive de la session<\/p><p style=\"font-weight: 400;\">&#8211; Information de l\u2019employeur si la formation est suivie dans le cadre professionnel<\/p><p><strong><u>Article 4 \u2013 Accessibilit\u00e9 &amp; adaptation des formations<\/u><\/strong><\/p><p style=\"font-weight: 400;\">ISONIA CONSEIL s\u2019engage \u00e0 rendre ses formations accessibles \u00e0 tous.<\/p><p style=\"font-weight: 400;\">Avant la formation, un recueil des besoins permet d\u2019identifier :<\/p><p style=\"font-weight: 400;\">&#8211; Des am\u00e9nagements p\u00e9dagogiques (rythme, dur\u00e9e, format)<\/p><p style=\"font-weight: 400;\">&#8211; Des supports adapt\u00e9s (police agrandie, documents audio, etc.)<\/p><p style=\"font-weight: 400;\">&#8211; Des modalit\u00e9s logistiques sp\u00e9cifiques (pr\u00e9sentiel, distanciel, accessibilit\u00e9 PMR, etc.)<\/p><p style=\"font-weight: 400;\">Pendant la formation, un accompagnement individualis\u00e9 peut \u00eatre propos\u00e9 si des difficult\u00e9s apparaissent.<\/p><p style=\"font-weight: 400;\">Apr\u00e8s la formation, un suivi peut \u00eatre organis\u00e9 (\u00e9change t\u00e9l\u00e9phonique, e-mail, etc.).<\/p><p style=\"font-weight: 400;\">R\u00e9f\u00e9rente personnes en situation de handicap : M\u00e9lanie Hauterat \u2013\u00a0<a href=\"mailto:contact@isonia-conseil.fr\">contact@isonia-conseil.fr<\/a>\u00a0+33(0) 6 03 59 64 43<\/p><p><strong><u>Article 5 \u2013 Communication du r\u00e8glement<\/u><\/strong><\/p><p style=\"font-weight: 400;\">Ce r\u00e8glement est transmis \u00e0 chaque stagiaire une dizaine de jours avant le d\u00e9but de la formation. Il est applicable dans tous les lieux de formation o\u00f9 intervient ISONIA CONSEIL.<\/p><p><strong><u>Article 6 \u2013 Entr\u00e9e en vigueur et modifications<\/u><\/strong><\/p><p style=\"font-weight: 400;\">Le pr\u00e9sent r\u00e8glement entre en vigueur d\u00e8s sa diffusion et pourra \u00eatre modifi\u00e9 par ISONIA CONSEIL en fonction de l\u2019\u00e9volution r\u00e9glementaire ou p\u00e9dagogique.<\/p><p style=\"font-weight: 400;\">Fait \u00e0 Aix-en-Provence, le 22 f\u00e9vrier 2025<\/p><p style=\"font-weight: 400;\"><strong>SAS ISONIA CONSEIL<\/strong><img decoding=\"async\" class=\"wp-image-5999 alignleft\" src=\"https:\/\/isonia-conseil.fr\/wp-content\/uploads\/2025\/04\/Une-image-contenant-texte-dessin-croquis-Dessin-au-trait-300x300.jpg\" alt=\"\" width=\"214\" height=\"214\" srcset=\"https:\/\/isonia-conseil.fr\/wp-content\/uploads\/2025\/04\/Une-image-contenant-texte-dessin-croquis-Dessin-au-trait-300x300.jpg 300w, https:\/\/isonia-conseil.fr\/wp-content\/uploads\/2025\/04\/Une-image-contenant-texte-dessin-croquis-Dessin-au-trait-150x150.jpg 150w, https:\/\/isonia-conseil.fr\/wp-content\/uploads\/2025\/04\/Une-image-contenant-texte-dessin-croquis-Dessin-au-trait-100x100.jpg 100w, https:\/\/isonia-conseil.fr\/wp-content\/uploads\/2025\/04\/Une-image-contenant-texte-dessin-croquis-Dessin-au-trait.jpg 440w\" sizes=\"(max-width: 214px) 100vw, 214px\" \/><\/p><p style=\"font-weight: 400;\">52 Avenue Philippe Solari, Le Bel Air C<br \/>13090 Aix-en-Provence<br \/><strong>Siret<\/strong>\u00a0: 941 041 444 00014 \/\u00a0<strong>NAF<\/strong>\u00a0: 8559A<br \/><strong>R.C.S. Aix-en-Provence B941041444<\/strong><\/p><p style=\"font-weight: 400;\">\u00a0<\/p>\t\t\t\t\t\t\t\t<\/div>\n\t\t\t\t<\/div>\n\t\t\t\t\t<\/div>\n\t\t\t\t<\/div>\n\t\t<div class=\"elementor-element elementor-element-a991fef e-flex e-con-boxed e-con e-parent\" data-id=\"a991fef\" data-element_type=\"container\">\n\t\t\t\t\t<div class=\"e-con-inner\">\n\t\t\t\t\t<\/div>\n\t\t\t\t<\/div>\n\t\t<div class=\"elementor-element elementor-element-2dec0ca e-flex e-con-boxed e-con e-parent\" data-id=\"2dec0ca\" data-element_type=\"container\">\n\t\t\t\t\t<div class=\"e-con-inner\">\n\t\t\t\t<div class=\"elementor-element elementor-element-94be0a8 elementor-widget elementor-widget-spacer\" data-id=\"94be0a8\" data-element_type=\"widget\" data-widget_type=\"spacer.default\">\n\t\t\t\t<div class=\"elementor-widget-container\">\n\t\t\t\t\t\t\t<div class=\"elementor-spacer\">\n\t\t\t<div class=\"elementor-spacer-inner\"><\/div>\n\t\t<\/div>\n\t\t\t\t\t\t<\/div>\n\t\t\t\t<\/div>\n\t\t\t\t\t<\/div>\n\t\t\t\t<\/div>\n\t\t\t\t<\/div>\n\t\t","protected":false},"excerpt":{"rendered":"<p>R\u00e8glement int\u00e9rieur &#8211; Isonia Conseil Application Ce r\u00e8glement s\u2019applique \u00e0 tous les stagiaires suivant une formation organis\u00e9e par ISONIA CONSEIL, qu\u2019elle se d\u00e9roule dans nos locaux, \u00e0 distance ou au sein d\u2019une entreprise cliente. Il vise \u00e0 garantir le bon d\u00e9roulement des sessions, dans un cadre respectueux, s\u00e9curis\u00e9 et inclusif. Article 1 \u2013 R\u00e8gles de [&hellip;]<\/p>\n","protected":false},"author":1,"featured_media":0,"parent":1633,"menu_order":4,"comment_status":"closed","ping_status":"closed","template":"elementor_header_footer","meta":{"footnotes":""},"class_list":["post-3114","page","type-page","status-publish","hentry"],"_links":{"self":[{"href":"https:\/\/isonia-conseil.fr\/index.php\/wp-json\/wp\/v2\/pages\/3114","targetHints":{"allow":["GET"]}}],"collection":[{"href":"https:\/\/isonia-conseil.fr\/index.php\/wp-json\/wp\/v2\/pages"}],"about":[{"href":"https:\/\/isonia-conseil.fr\/index.php\/wp-json\/wp\/v2\/types\/page"}],"author":[{"embeddable":true,"href":"https:\/\/isonia-conseil.fr\/index.php\/wp-json\/wp\/v2\/users\/1"}],"replies":[{"embeddable":true,"href":"https:\/\/isonia-conseil.fr\/index.php\/wp-json\/wp\/v2\/comments?post=3114"}],"version-history":[{"count":79,"href":"https:\/\/isonia-conseil.fr\/index.php\/wp-json\/wp\/v2\/pages\/3114\/revisions"}],"predecessor-version":[{"id":6008,"href":"https:\/\/isonia-conseil.fr\/index.php\/wp-json\/wp\/v2\/pages\/3114\/revisions\/6008"}],"up":[{"embeddable":true,"href":"https:\/\/isonia-conseil.fr\/index.php\/wp-json\/wp\/v2\/pages\/1633"}],"wp:attachment":[{"href":"https:\/\/isonia-conseil.fr\/index.php\/wp-json\/wp\/v2\/media?parent=3114"}],"curies":[{"name":"wp","href":"https:\/\/api.w.org\/{rel}","templated":true}]}}