{"id":3244,"date":"2024-06-14T07:12:15","date_gmt":"2024-06-14T07:12:15","guid":{"rendered":"https:\/\/trankad.modeltheme.com\/elementor\/?page_id=3227"},"modified":"2025-03-03T12:21:54","modified_gmt":"2025-03-03T11:21:54","slug":"management-certification","status":"publish","type":"page","link":"https:\/\/isonia-conseil.fr\/index.php\/our-industries\/management-certification\/","title":{"rendered":"Mentions l\u00e9gales"},"content":{"rendered":"\t\t<div data-elementor-type=\"wp-page\" data-elementor-id=\"3244\" class=\"elementor elementor-3244\">\n\t\t\t\t<div class=\"elementor-element elementor-element-e18571a e-flex e-con-boxed e-con e-parent\" data-id=\"e18571a\" data-element_type=\"container\">\n\t\t\t\t\t<div class=\"e-con-inner\">\n\t\t\t\t<div class=\"elementor-element elementor-element-dbb1de1 elementor-widget elementor-widget-spacer\" data-id=\"dbb1de1\" data-element_type=\"widget\" data-widget_type=\"spacer.default\">\n\t\t\t\t<div class=\"elementor-widget-container\">\n\t\t\t\t\t\t\t<div class=\"elementor-spacer\">\n\t\t\t<div class=\"elementor-spacer-inner\"><\/div>\n\t\t<\/div>\n\t\t\t\t\t\t<\/div>\n\t\t\t\t<\/div>\n\t\t\t\t\t<\/div>\n\t\t\t\t<\/div>\n\t\t<div class=\"elementor-element elementor-element-e16c6c0 e-flex e-con-boxed e-con e-parent\" data-id=\"e16c6c0\" data-element_type=\"container\">\n\t\t\t\t\t<div class=\"e-con-inner\">\n\t\t\t\t<div class=\"elementor-element elementor-element-4615cdc elementor-widget elementor-widget-spacer\" data-id=\"4615cdc\" data-element_type=\"widget\" data-widget_type=\"spacer.default\">\n\t\t\t\t<div class=\"elementor-widget-container\">\n\t\t\t\t\t\t\t<div class=\"elementor-spacer\">\n\t\t\t<div class=\"elementor-spacer-inner\"><\/div>\n\t\t<\/div>\n\t\t\t\t\t\t<\/div>\n\t\t\t\t<\/div>\n\t\t\t\t\t<\/div>\n\t\t\t\t<\/div>\n\t\t<div class=\"elementor-element elementor-element-799a989 e-flex e-con-boxed e-con e-parent\" data-id=\"799a989\" data-element_type=\"container\">\n\t\t\t\t\t<div class=\"e-con-inner\">\n\t\t\t\t<div class=\"elementor-element elementor-element-9e18064 elementor-widget elementor-widget-heading\" data-id=\"9e18064\" data-element_type=\"widget\" data-widget_type=\"heading.default\">\n\t\t\t\t<div class=\"elementor-widget-container\">\n\t\t\t\t\t<h2 class=\"elementor-heading-title elementor-size-default\">Mentions l\u00e9gales - Isonia Conseil<\/h2>\t\t\t\t<\/div>\n\t\t\t\t<\/div>\n\t\t\t\t\t<\/div>\n\t\t\t\t<\/div>\n\t\t<div class=\"elementor-element elementor-element-65f0cc4 e-con-full e-flex e-con e-parent\" data-id=\"65f0cc4\" data-element_type=\"container\">\n\t\t\t\t<div class=\"elementor-element elementor-element-d948f60 elementor-widget-divider--view-line elementor-widget elementor-widget-divider\" data-id=\"d948f60\" data-element_type=\"widget\" data-widget_type=\"divider.default\">\n\t\t\t\t<div class=\"elementor-widget-container\">\n\t\t\t\t\t\t\t<div class=\"elementor-divider\">\n\t\t\t<span class=\"elementor-divider-separator\">\n\t\t\t\t\t\t<\/span>\n\t\t<\/div>\n\t\t\t\t\t\t<\/div>\n\t\t\t\t<\/div>\n\t\t\t\t<div class=\"elementor-element elementor-element-2e616c5 elementor-widget elementor-widget-spacer\" data-id=\"2e616c5\" data-element_type=\"widget\" data-widget_type=\"spacer.default\">\n\t\t\t\t<div class=\"elementor-widget-container\">\n\t\t\t\t\t\t\t<div class=\"elementor-spacer\">\n\t\t\t<div class=\"elementor-spacer-inner\"><\/div>\n\t\t<\/div>\n\t\t\t\t\t\t<\/div>\n\t\t\t\t<\/div>\n\t\t\t\t<\/div>\n\t\t<div class=\"elementor-element elementor-element-51a835a e-flex e-con-boxed e-con e-parent\" data-id=\"51a835a\" data-element_type=\"container\">\n\t\t\t\t\t<div class=\"e-con-inner\">\n\t\t\t\t<div class=\"elementor-element elementor-element-47018db elementor-widget elementor-widget-text-editor\" data-id=\"47018db\" data-element_type=\"widget\" data-widget_type=\"text-editor.default\">\n\t\t\t\t<div class=\"elementor-widget-container\">\n\t\t\t\t\t\t\t\t\t<h4 data-start=\"130\" data-end=\"159\"><strong data-start=\"135\" data-end=\"157\">1. \u00c9diteur du site<\/strong><\/h4><p data-start=\"160\" data-end=\"375\">Le site est \u00e9dit\u00e9 par <strong data-start=\"182\" data-end=\"200\">ISONIA CONSEIL<\/strong>, soci\u00e9t\u00e9 par actions simplifi\u00e9e (SAS) au capital de <strong data-start=\"253\" data-end=\"264\">1 000 \u20ac<\/strong>, immatricul\u00e9e au <strong data-start=\"282\" data-end=\"341\">Registre du Commerce et des Soci\u00e9t\u00e9s de Aix-en-Provence<\/strong> sous le num\u00e9ro <strong data-start=\"357\" data-end=\"372\">941 041 444<\/strong>.<\/p><ul data-start=\"377\" data-end=\"646\"><li data-start=\"377\" data-end=\"477\"><strong data-start=\"379\" data-end=\"397\">Si\u00e8ge social :<\/strong> 52 Avenue Philippe Solari, R\u00e9sidence Le Bel Air, B\u00e2t C, 13090 Aix-en-Provence<\/li><li data-start=\"478\" data-end=\"513\"><strong data-start=\"480\" data-end=\"495\">Pr\u00e9sident :<\/strong> Beno\u00eet SADALLAH<\/li><li data-start=\"514\" data-end=\"559\"><strong data-start=\"516\" data-end=\"541\">Directrice G\u00e9n\u00e9rale :<\/strong> M\u00e9lanie HAUTERAT<\/li><li data-start=\"560\" data-end=\"598\"><strong data-start=\"562\" data-end=\"573\">Email :<\/strong> contact@isonia-conseil.fr<\/li><li data-start=\"599\" data-end=\"646\"><strong data-start=\"601\" data-end=\"616\">T\u00e9l\u00e9phone :<\/strong> +33(0) 7 87 04 19 70<\/li><\/ul><h4 data-start=\"648\" data-end=\"681\">\u00a0<\/h4><h4 data-start=\"648\" data-end=\"681\"><strong data-start=\"653\" data-end=\"679\">2. H\u00e9bergement du site<\/strong><\/h4><p data-start=\"682\" data-end=\"717\">Le site est h\u00e9berg\u00e9 par <strong data-start=\"706\" data-end=\"713\">OVH<\/strong> :<\/p><ul data-start=\"718\" data-end=\"903\"><li data-start=\"718\" data-end=\"750\"><strong data-start=\"720\" data-end=\"740\">Raison sociale :<\/strong> OVH SAS<\/li><li data-start=\"751\" data-end=\"808\"><strong data-start=\"753\" data-end=\"766\">Adresse :<\/strong> 2 rue Kellermann, 59100 Roubaix, France<\/li><li data-start=\"809\" data-end=\"849\"><strong data-start=\"811\" data-end=\"826\">T\u00e9l\u00e9phone :<\/strong> +33 (0)9 72 10 10 07<\/li><li data-start=\"850\" data-end=\"903\"><strong data-start=\"852\" data-end=\"866\">Site web :<\/strong> <a href=\"https:\/\/www.ovh.com\/\" target=\"_new\" rel=\"noopener\" data-start=\"867\" data-end=\"901\">www.ovh.com<\/a><\/li><\/ul><h4 data-start=\"905\" data-end=\"943\">\u00a0<\/h4><h4 data-start=\"905\" data-end=\"943\"><strong data-start=\"910\" data-end=\"941\">3. Propri\u00e9t\u00e9 intellectuelle<\/strong><\/h4><p data-start=\"944\" data-end=\"1172\">L\u2019ensemble du contenu du site <strong data-start=\"974\" data-end=\"992\">ISONIA CONSEIL<\/strong> (textes, images, logos, vid\u00e9os, etc.) est prot\u00e9g\u00e9 par le droit d\u2019auteur et la propri\u00e9t\u00e9 intellectuelle. Toute reproduction ou utilisation sans autorisation \u00e9crite est interdite.<\/p><h4 data-start=\"1174\" data-end=\"1223\">\u00a0<\/h4><h4 data-start=\"1174\" data-end=\"1223\"><strong data-start=\"1179\" data-end=\"1221\">4. Protection des donn\u00e9es personnelles<\/strong><\/h4><p data-start=\"1224\" data-end=\"1624\">ISONIA CONSEIL s\u2019engage \u00e0 respecter la confidentialit\u00e9 des donn\u00e9es personnelles collect\u00e9es sur le site. Conform\u00e9ment au <strong data-start=\"1344\" data-end=\"1402\">R\u00e8glement G\u00e9n\u00e9ral sur la Protection des Donn\u00e9es (RGPD)<\/strong> et \u00e0 la loi <strong data-start=\"1415\" data-end=\"1443\">Informatique et Libert\u00e9s<\/strong>, vous disposez d\u2019un droit d\u2019acc\u00e8s, de rectification et de suppression de vos donn\u00e9es personnelles. Pour toute demande, vous pouvez nous contacter \u00e0 <strong data-start=\"1592\" data-end=\"1621\"><a rel=\"noopener\" data-start=\"1594\" data-end=\"1619\">contact@isonia-conseil.fr<\/a><\/strong>.<\/p><h4 data-start=\"1626\" data-end=\"1654\">\u00a0<\/h4><h4 data-start=\"1626\" data-end=\"1654\"><strong data-start=\"1631\" data-end=\"1652\">5. Responsabilit\u00e9<\/strong><\/h4><p data-start=\"1655\" data-end=\"1808\">ISONIA CONSEIL ne saurait \u00eatre tenu responsable des dommages directs ou indirects r\u00e9sultant de l\u2019utilisation du site ou de l\u2019impossibilit\u00e9 d\u2019y acc\u00e9der.<\/p><h4 data-start=\"1810\" data-end=\"1840\">\u00a0<\/h4><h4 data-start=\"1810\" data-end=\"1840\"><strong data-start=\"1815\" data-end=\"1838\">6. Droit applicable<\/strong><\/h4><p data-start=\"1841\" data-end=\"1982\">Les pr\u00e9sentes mentions l\u00e9gales sont r\u00e9gies par le droit fran\u00e7ais. En cas de litige, les tribunaux comp\u00e9tents seront ceux d\u2019Aix-en-Provence.<\/p><p data-start=\"1841\" data-end=\"1982\">\u00a0<\/p><p style=\"font-weight: 400;\"><strong>SAS ISONIA CONSEIL<\/strong><br \/>52 Avenue Philippe Solari, Le Bel Air C<br \/>13090 Aix-en-Provence<br \/>Siret\u00a0: 941 041 444 00014 \/ NAF\u00a0:\u00a0 8559A<\/p><p style=\"font-weight: 400;\">R.C.S. Aix-en-Provence B941041444<\/p>\t\t\t\t\t\t\t\t<\/div>\n\t\t\t\t<\/div>\n\t\t\t\t\t<\/div>\n\t\t\t\t<\/div>\n\t\t<div class=\"elementor-element elementor-element-ef5643b e-flex e-con-boxed e-con e-parent\" data-id=\"ef5643b\" data-element_type=\"container\">\n\t\t\t\t\t<div class=\"e-con-inner\">\n\t\t\t\t<div class=\"elementor-element elementor-element-0c26b02 elementor-widget elementor-widget-spacer\" data-id=\"0c26b02\" data-element_type=\"widget\" data-widget_type=\"spacer.default\">\n\t\t\t\t<div class=\"elementor-widget-container\">\n\t\t\t\t\t\t\t<div class=\"elementor-spacer\">\n\t\t\t<div class=\"elementor-spacer-inner\"><\/div>\n\t\t<\/div>\n\t\t\t\t\t\t<\/div>\n\t\t\t\t<\/div>\n\t\t\t\t\t<\/div>\n\t\t\t\t<\/div>\n\t\t<div class=\"elementor-element elementor-element-423e2a7 e-flex e-con-boxed e-con e-parent\" data-id=\"423e2a7\" data-element_type=\"container\">\n\t\t\t\t\t<div class=\"e-con-inner\">\n\t\t\t\t<div class=\"elementor-element elementor-element-369a65f elementor-widget elementor-widget-spacer\" data-id=\"369a65f\" data-element_type=\"widget\" data-widget_type=\"spacer.default\">\n\t\t\t\t<div class=\"elementor-widget-container\">\n\t\t\t\t\t\t\t<div class=\"elementor-spacer\">\n\t\t\t<div class=\"elementor-spacer-inner\"><\/div>\n\t\t<\/div>\n\t\t\t\t\t\t<\/div>\n\t\t\t\t<\/div>\n\t\t\t\t\t<\/div>\n\t\t\t\t<\/div>\n\t\t<div class=\"elementor-element elementor-element-fe6dbda e-flex e-con-boxed e-con e-parent\" data-id=\"fe6dbda\" data-element_type=\"container\">\n\t\t\t\t\t<div class=\"e-con-inner\">\n\t\t\t\t<div class=\"elementor-element elementor-element-e44b6b8 elementor-widget elementor-widget-spacer\" data-id=\"e44b6b8\" data-element_type=\"widget\" data-widget_type=\"spacer.default\">\n\t\t\t\t<div class=\"elementor-widget-container\">\n\t\t\t\t\t\t\t<div class=\"elementor-spacer\">\n\t\t\t<div class=\"elementor-spacer-inner\"><\/div>\n\t\t<\/div>\n\t\t\t\t\t\t<\/div>\n\t\t\t\t<\/div>\n\t\t\t\t\t<\/div>\n\t\t\t\t<\/div>\n\t\t<div class=\"elementor-element elementor-element-7fb2db7 e-flex e-con-boxed e-con e-parent\" data-id=\"7fb2db7\" data-element_type=\"container\">\n\t\t\t\t\t<div class=\"e-con-inner\">\n\t\t\t\t\t<\/div>\n\t\t\t\t<\/div>\n\t\t\t\t<\/div>\n\t\t","protected":false},"excerpt":{"rendered":"<p>Mentions l\u00e9gales &#8211; Isonia Conseil 1. \u00c9diteur du site Le site est \u00e9dit\u00e9 par ISONIA CONSEIL, soci\u00e9t\u00e9 par actions simplifi\u00e9e (SAS) au capital de 1 000 \u20ac, immatricul\u00e9e au Registre du Commerce et des Soci\u00e9t\u00e9s de Aix-en-Provence sous le num\u00e9ro 941 041 444. Si\u00e8ge social : 52 Avenue Philippe Solari, R\u00e9sidence Le Bel Air, B\u00e2t [&hellip;]<\/p>\n","protected":false},"author":1,"featured_media":0,"parent":3210,"menu_order":0,"comment_status":"closed","ping_status":"closed","template":"elementor_header_footer","meta":{"footnotes":""},"class_list":["post-3244","page","type-page","status-publish","hentry"],"_links":{"self":[{"href":"https:\/\/isonia-conseil.fr\/index.php\/wp-json\/wp\/v2\/pages\/3244","targetHints":{"allow":["GET"]}}],"collection":[{"href":"https:\/\/isonia-conseil.fr\/index.php\/wp-json\/wp\/v2\/pages"}],"about":[{"href":"https:\/\/isonia-conseil.fr\/index.php\/wp-json\/wp\/v2\/types\/page"}],"author":[{"embeddable":true,"href":"https:\/\/isonia-conseil.fr\/index.php\/wp-json\/wp\/v2\/users\/1"}],"replies":[{"embeddable":true,"href":"https:\/\/isonia-conseil.fr\/index.php\/wp-json\/wp\/v2\/comments?post=3244"}],"version-history":[{"count":12,"href":"https:\/\/isonia-conseil.fr\/index.php\/wp-json\/wp\/v2\/pages\/3244\/revisions"}],"predecessor-version":[{"id":5090,"href":"https:\/\/isonia-conseil.fr\/index.php\/wp-json\/wp\/v2\/pages\/3244\/revisions\/5090"}],"up":[{"embeddable":true,"href":"https:\/\/isonia-conseil.fr\/index.php\/wp-json\/wp\/v2\/pages\/3210"}],"wp:attachment":[{"href":"https:\/\/isonia-conseil.fr\/index.php\/wp-json\/wp\/v2\/media?parent=3244"}],"curies":[{"name":"wp","href":"https:\/\/api.w.org\/{rel}","templated":true}]}}