{"id":5267,"date":"2025-03-07T15:32:55","date_gmt":"2025-03-07T14:32:55","guid":{"rendered":"https:\/\/isonia-conseil.fr\/?page_id=5267"},"modified":"2025-04-29T11:26:55","modified_gmt":"2025-04-29T09:26:55","slug":"integration-dune-nouvelle-recrue","status":"publish","type":"page","link":"https:\/\/isonia-conseil.fr\/index.php\/integration-dune-nouvelle-recrue\/","title":{"rendered":"Int\u00e9gration d&#8217;une Nouvelle Recrue"},"content":{"rendered":"\t\t<div data-elementor-type=\"wp-page\" data-elementor-id=\"5267\" class=\"elementor elementor-5267\">\n\t\t\t\t<div class=\"elementor-element elementor-element-fc4e403 e-flex e-con-boxed e-con e-parent\" data-id=\"fc4e403\" data-element_type=\"container\">\n\t\t\t\t\t<div class=\"e-con-inner\">\n\t\t\t\t<div class=\"elementor-element elementor-element-120b90b elementor-widget elementor-widget-spacer\" data-id=\"120b90b\" data-element_type=\"widget\" data-widget_type=\"spacer.default\">\n\t\t\t\t<div class=\"elementor-widget-container\">\n\t\t\t\t\t\t\t<div class=\"elementor-spacer\">\n\t\t\t<div class=\"elementor-spacer-inner\"><\/div>\n\t\t<\/div>\n\t\t\t\t\t\t<\/div>\n\t\t\t\t<\/div>\n\t\t\t\t<div class=\"elementor-element elementor-element-12e5dbb elementor-widget elementor-widget-heading\" data-id=\"12e5dbb\" data-element_type=\"widget\" data-widget_type=\"heading.default\">\n\t\t\t\t<div class=\"elementor-widget-container\">\n\t\t\t\t\t<h2 class=\"elementor-heading-title elementor-size-default\">INT\u00c9GRATION D'UNE NOUVELLE RECRUE<\/h2>\t\t\t\t<\/div>\n\t\t\t\t<\/div>\n\t\t\t\t<div class=\"elementor-element elementor-element-e2aabbb elementor-widget elementor-widget-spacer\" data-id=\"e2aabbb\" data-element_type=\"widget\" data-widget_type=\"spacer.default\">\n\t\t\t\t<div class=\"elementor-widget-container\">\n\t\t\t\t\t\t\t<div class=\"elementor-spacer\">\n\t\t\t<div class=\"elementor-spacer-inner\"><\/div>\n\t\t<\/div>\n\t\t\t\t\t\t<\/div>\n\t\t\t\t<\/div>\n\t\t\t\t\t<\/div>\n\t\t\t\t<\/div>\n\t\t<div class=\"elementor-element elementor-element-144808f e-flex e-con-boxed e-con e-parent\" data-id=\"144808f\" data-element_type=\"container\">\n\t\t\t\t\t<div class=\"e-con-inner\">\n\t\t<div class=\"elementor-element elementor-element-be7f249 e-con-full e-flex e-con e-child\" data-id=\"be7f249\" data-element_type=\"container\" data-settings=\"{&quot;background_background&quot;:&quot;classic&quot;}\">\n\t\t<div class=\"elementor-element elementor-element-a42e5d3 e-con-full e-flex e-con e-child\" data-id=\"a42e5d3\" data-element_type=\"container\" data-settings=\"{&quot;background_background&quot;:&quot;classic&quot;}\">\n\t\t\t\t<div class=\"elementor-element elementor-element-cf65001 elementor-widget elementor-widget-heading\" data-id=\"cf65001\" data-element_type=\"widget\" data-widget_type=\"heading.default\">\n\t\t\t\t<div class=\"elementor-widget-container\">\n\t\t\t\t\t<h2 class=\"elementor-heading-title elementor-size-default\">OBJECTIFS P\u00c9DAGOGIQUES<\/h2>\t\t\t\t<\/div>\n\t\t\t\t<\/div>\n\t\t\t\t<\/div>\n\t\t\t\t<div class=\"elementor-element elementor-element-95e0a43 elementor-widget elementor-widget-text-editor\" data-id=\"95e0a43\" data-element_type=\"widget\" data-widget_type=\"text-editor.default\">\n\t\t\t\t<div class=\"elementor-widget-container\">\n\t\t\t\t\t\t\t\t\t<p>Assurer une int\u00e9gration rapide et valorisante des nouveaux collaborateurs. La qualit\u00e9 de l\u2019int\u00e9gration conditionne la<br \/>motivation et l\u2019engagement des employ\u00e9s. Cette formation vise \u00e0 transmettre les fondamentaux de l\u2019h\u00f4tellerie, \u00e0<br \/>faciliter l\u2019adaptation aux attentes du service et \u00e0 donner aux recrues les cl\u00e9s pour \u00eatre op\u00e9rationnelles rapidement.<\/p><p style=\"text-align: center;\"><strong>Contenu de la formation :<\/strong><\/p><p>\u232a<strong>D\u00e9couverte du Secteur et des Exigences du M\u00e9tier :<\/strong> Comprendre les fondamentaux de l\u2019h\u00f4tellerie.<br \/>\u232a<strong>Techniques d\u2019Accueil et Communication Client :<\/strong> Ma\u00eetriser les bases pour une prise de poste efficace.<br \/>\u232a<strong>Adopter les Codes du Luxe et du Service Haut de Gamme :<\/strong> Se comporter en v\u00e9ritable ambassadeur de l\u2019h\u00f4tel.<br \/>\u232a<strong>Savoir Vendre et Valoriser son \u00c9tablissement :<\/strong> D\u00e9velopper ses comp\u00e9tences commerciales et d\u2019upselling.<br \/>\u232a<strong>Construire une Relation Durable avec l\u2019\u00c9quipe :<\/strong> Favoriser la coh\u00e9sion et l\u2019engagement \u00e0 long terme.<\/p>\t\t\t\t\t\t\t\t<\/div>\n\t\t\t\t<\/div>\n\t\t<div class=\"elementor-element elementor-element-e2122b2 e-con-full e-flex e-con e-child\" data-id=\"e2122b2\" data-element_type=\"container\">\n\t\t\t\t<div class=\"elementor-element elementor-element-1a37ea7 elementor-widget elementor-widget-heading\" data-id=\"1a37ea7\" data-element_type=\"widget\" data-widget_type=\"heading.default\">\n\t\t\t\t<div class=\"elementor-widget-container\">\n\t\t\t\t\t<h2 class=\"elementor-heading-title elementor-size-default\">PUBLIC CIBL\u00c9<\/h2>\t\t\t\t<\/div>\n\t\t\t\t<\/div>\n\t\t\t\t<\/div>\n\t\t<div class=\"elementor-element elementor-element-6b57807 e-con-full e-flex e-con e-child\" data-id=\"6b57807\" data-element_type=\"container\" data-settings=\"{&quot;background_background&quot;:&quot;classic&quot;}\">\n\t\t\t\t<div class=\"elementor-element elementor-element-131a940 elementor-widget elementor-widget-text-editor\" data-id=\"131a940\" data-element_type=\"widget\" data-widget_type=\"text-editor.default\">\n\t\t\t\t<div class=\"elementor-widget-container\">\n\t\t\t\t\t\t\t\t\t<p class=\"p1\"><span class=\"OYPEnA font-feature-liga-off font-feature-clig-off font-feature-calt-off text-decoration-none text-strikethrough-none\">\u00c9quipes op\u00e9rationnelles en contact direct avec la clientele<\/span><\/p>\t\t\t\t\t\t\t\t<\/div>\n\t\t\t\t<\/div>\n\t\t\t\t<\/div>\n\t\t\t\t<\/div>\n\t\t<div class=\"elementor-element elementor-element-e697c34 e-con-full e-flex e-con e-child\" data-id=\"e697c34\" data-element_type=\"container\">\n\t\t\t\t<div class=\"elementor-element elementor-element-d6f3551 elementor-widget elementor-widget-heading\" data-id=\"d6f3551\" data-element_type=\"widget\" data-widget_type=\"heading.default\">\n\t\t\t\t<div class=\"elementor-widget-container\">\n\t\t\t\t\t<h2 class=\"elementor-heading-title elementor-size-default\">PR\u00c9REQUIS <\/h2>\t\t\t\t<\/div>\n\t\t\t\t<\/div>\n\t\t<div class=\"elementor-element elementor-element-d345cef e-con-full e-flex e-con e-child\" data-id=\"d345cef\" data-element_type=\"container\">\n\t\t\t\t<div class=\"elementor-element elementor-element-6450520 elementor-widget elementor-widget-text-editor\" data-id=\"6450520\" data-element_type=\"widget\" data-widget_type=\"text-editor.default\">\n\t\t\t\t<div class=\"elementor-widget-container\">\n\t\t\t\t\t\t\t\t\t<p class=\"p1\">Aucun pr\u00e9requis n\u00e9cessaire<\/p>\t\t\t\t\t\t\t\t<\/div>\n\t\t\t\t<\/div>\n\t\t<div class=\"elementor-element elementor-element-1409a00 e-con-full e-flex e-con e-child\" data-id=\"1409a00\" data-element_type=\"container\">\n\t\t\t\t<div class=\"elementor-element elementor-element-21e34f6 elementor-widget elementor-widget-heading\" data-id=\"21e34f6\" data-element_type=\"widget\" data-widget_type=\"heading.default\">\n\t\t\t\t<div class=\"elementor-widget-container\">\n\t\t\t\t\t<h2 class=\"elementor-heading-title elementor-size-default\">INFORMATIONS<\/h2>\t\t\t\t<\/div>\n\t\t\t\t<\/div>\n\t\t<div class=\"elementor-element elementor-element-0b01574 e-con-full e-flex e-con e-child\" data-id=\"0b01574\" data-element_type=\"container\">\n\t\t\t\t<div class=\"elementor-element elementor-element-899bf61 elementor-widget elementor-widget-text-editor\" data-id=\"899bf61\" data-element_type=\"widget\" data-widget_type=\"text-editor.default\">\n\t\t\t\t<div class=\"elementor-widget-container\">\n\t\t\t\t\t\t\t\t\t<div class=\"elementor-element elementor-element-ec8220d elementor-widget elementor-widget-text-editor\" data-id=\"ec8220d\" data-element_type=\"widget\" data-widget_type=\"text-editor.default\"><div class=\"elementor-widget-container\"><p><b>Dur\u00e9e<\/b> :<\/p><\/div><\/div><div class=\"elementor-element elementor-element-7c69376 elementor-widget elementor-widget-heading\" data-id=\"7c69376\" data-element_type=\"widget\" data-widget_type=\"heading.default\"><div class=\"elementor-widget-container\"><p><span style=\"text-decoration: underline;\">Recueil des besoins :<\/span><\/p><p style=\"font-weight: 400;\">Questionnaire pr\u00e9alable, entretien.<\/p><p><span style=\"text-decoration: underline;\">Dur\u00e9e de la formation\u00a0:<\/span><\/p><div><p>1 journ\u00e9e compl\u00e8te de 7 heures (Groupe de 2 \u00e0 10 personnes maximum.)<\/p><\/div><p class=\"p1\"><b>Modalit\u00e9s d\u2019organisation<\/b> :<\/p><p><span style=\"text-decoration: underline;\">Pr\u00e9sentiel:<\/span> Formation dispens\u00e9e dans vos locaux ou en centre de formation.<\/p><p><span style=\"text-decoration: underline;\">Dates: <\/span>\u00c0 d\u00e9terminer avec les entreprises clientes.<\/p><p><span style=\"text-decoration: underline;\">D\u00e9lais d\u2019acc\u00e8s\u00a0:<\/span><\/p><p>D\u00e9lais moyen : 2 semaines (entre le recueil des besoins et la date de la formation)<\/p><div>\u00a0<\/div><\/div><\/div><div class=\"elementor-element elementor-element-e1466bb elementor-widget elementor-widget-heading\" data-id=\"e1466bb\" data-element_type=\"widget\" data-widget_type=\"heading.default\"><div class=\"elementor-widget-container\"><p class=\"p1\"><b>Tarifs<\/b><\/p><\/div><\/div><div class=\"elementor-element elementor-element-f59852c elementor-widget elementor-widget-text-editor\" data-id=\"f59852c\" data-element_type=\"widget\" data-widget_type=\"text-editor.default\"><div class=\"elementor-widget-container\"><ul><li><p><strong>Formation inter-entreprises<\/strong>:<strong><br \/><\/strong><strong>500 \u20ac TTC \/ jour \/ participant<\/strong><strong><br \/><\/strong><em>(Sessions regroupant des participants issus de plusieurs entreprises, organis\u00e9es dans nos locaux ou en salle externe)<\/em><\/p><\/li><\/ul><p style=\"font-weight: 400;\"><strong>\u00a0<\/strong><\/p><ul><li><p><strong>Formation intra-entreprise<\/strong>:<strong><br \/><\/strong><strong>Tarif sur mesure<\/strong><strong>, <\/strong>d\u00e9termin\u00e9 en fonction du<strong>\u00a0<\/strong><strong>nombre de participants<\/strong><strong>.<br \/><\/strong><em>(La formation peut se d\u00e9rouler dans les locaux de l\u2019entreprise ou dans une salle externe d\u00e9di\u00e9e, selon les besoins)<\/em><\/p><\/li><\/ul><\/div><\/div>\t\t\t\t\t\t\t\t<\/div>\n\t\t\t\t<\/div>\n\t\t\t\t<\/div>\n\t\t\t\t<\/div>\n\t\t\t\t<\/div>\n\t\t\t\t<\/div>\n\t\t<div class=\"elementor-element elementor-element-c0e9479 e-con-full e-flex e-con e-child\" data-id=\"c0e9479\" data-element_type=\"container\">\n\t\t<div class=\"elementor-element elementor-element-3159506 e-con-full e-flex e-con e-child\" data-id=\"3159506\" data-element_type=\"container\">\n\t\t<div class=\"elementor-element elementor-element-4475ee6 e-con-full e-flex e-con e-child\" data-id=\"4475ee6\" data-element_type=\"container\">\n\t\t\t\t<div class=\"elementor-element elementor-element-562f100 elementor-widget elementor-widget-text-editor\" data-id=\"562f100\" data-element_type=\"widget\" data-widget_type=\"text-editor.default\">\n\t\t\t\t<div class=\"elementor-widget-container\">\n\t\t\t\t\t\t\t\t\t<blockquote><h3>\u00a0<\/h3><h3 class=\"p1\"><strong><span style=\"color: #000000;\">ACCESSIBILIT\u00c9 PSH<\/span><\/strong><\/h3><p>\u00a0<\/p><\/blockquote>\t\t\t\t\t\t\t\t<\/div>\n\t\t\t\t<\/div>\n\t\t\t\t<\/div>\n\t\t<div class=\"elementor-element elementor-element-2153174 e-con-full e-flex e-con e-child\" data-id=\"2153174\" data-element_type=\"container\">\n\t\t\t\t<div class=\"elementor-element elementor-element-30d6056 elementor-widget elementor-widget-text-editor\" data-id=\"30d6056\" data-element_type=\"widget\" data-widget_type=\"text-editor.default\">\n\t\t\t\t<div class=\"elementor-widget-container\">\n\t\t\t\t\t\t\t\t\t<p><span style=\"font-weight: 400;\"><strong>Nous nous engageons \u00e0 rendre nos formations accessibles \u00e0 tous :<\/strong><\/span><\/p><ul style=\"font-weight: 400;\"><li>Possibilit\u00e9 d\u2019adapter le rythme et le format d\u2019apprentissage<\/li><li>Documents en version adapt\u00e9e (police agrandie, support audio)<\/li><li>Lieux de formation accessibles aux personnes \u00e0 mobilit\u00e9 r\u00e9duite<\/li><\/ul><p><span style=\"font-weight: 400;\"><strong>Pour toute question ou besoin sp\u00e9cifique, contactez-nous.<\/strong><\/span><\/p><p>R\u00e9f\u00e9rent PSH : M\u00e9lanie Hauterat <a href=\"mailto:contact@isonia-conseil.fr\">contact@isonia-conseil.fr<\/a><\/p>\t\t\t\t\t\t\t\t<\/div>\n\t\t\t\t<\/div>\n\t\t\t\t<\/div>\n\t\t\t\t<\/div>\n\t\t<div class=\"elementor-element elementor-element-cf7d2de e-con-full e-flex e-con e-child\" data-id=\"cf7d2de\" data-element_type=\"container\">\n\t\t<div class=\"elementor-element elementor-element-2e929eb e-con-full e-flex e-con e-child\" data-id=\"2e929eb\" data-element_type=\"container\">\n\t\t<div class=\"elementor-element elementor-element-4b92161 e-con-full e-flex e-con e-child\" data-id=\"4b92161\" data-element_type=\"container\">\n\t\t\t\t<div class=\"elementor-element elementor-element-5584024 elementor-widget elementor-widget-text-editor\" data-id=\"5584024\" data-element_type=\"widget\" data-widget_type=\"text-editor.default\">\n\t\t\t\t<div class=\"elementor-widget-container\">\n\t\t\t\t\t\t\t\t\t<blockquote><p>\u00a0<\/p><p>\u00a0<\/p><h3><span style=\"color: #000000;\">MODALIT\u00c9 \u00c9VALUATION<\/span><\/h3><p>\u00a0<\/p><p>\u00a0<\/p><\/blockquote><p>\u00a0<\/p>\t\t\t\t\t\t\t\t<\/div>\n\t\t\t\t<\/div>\n\t\t\t\t<\/div>\n\t\t<div class=\"elementor-element elementor-element-eeb1d36 e-con-full e-flex e-con e-child\" data-id=\"eeb1d36\" data-element_type=\"container\">\n\t\t\t\t<div class=\"elementor-element elementor-element-3fe0636 elementor-widget elementor-widget-text-editor\" data-id=\"3fe0636\" data-element_type=\"widget\" data-widget_type=\"text-editor.default\">\n\t\t\t\t<div class=\"elementor-widget-container\">\n\t\t\t\t\t\t\t\t\t<ul><li><p><strong>\u00c9valuation initiale<\/strong>: Diagnostic des comp\u00e9tences.<\/p><\/li><li><p><strong>\u00c9valuations interm\u00e9diaires<\/strong>: Exercices pratiques, mises en situation, \u00e9tudes de cas.<\/p><\/li><li><p><strong>\u00c9valuation \u00e0 chaud <\/strong>: Validation des acquis via des tests (QCM, jeux de r\u00f4les, questionnaires\u2026).<\/p><\/li><li><p><strong>\u00c9valuation \u00e0 froid <\/strong><em>(\u00e0 3 mois) <\/em>: V\u00e9rification de la mise en \u0153uvre des acquis en situation professionnelle via un questionnaire de suivi envoy\u00e9 au participant et\/ou \u00e0 l\u2019employeur, permettant d\u2019\u00e9valuer l\u2019impact r\u00e9el de la formation sur le poste de travail.<\/p><\/li><\/ul>\t\t\t\t\t\t\t\t<\/div>\n\t\t\t\t<\/div>\n\t\t\t\t<\/div>\n\t\t\t\t<\/div>\n\t\t<div class=\"elementor-element elementor-element-60e0235 e-con-full e-flex e-con e-child\" data-id=\"60e0235\" data-element_type=\"container\">\n\t\t<div class=\"elementor-element elementor-element-0e2f78f e-con-full e-flex e-con e-child\" data-id=\"0e2f78f\" data-element_type=\"container\">\n\t\t<div class=\"elementor-element elementor-element-38b1bb0 e-con-full e-flex e-con e-child\" data-id=\"38b1bb0\" data-element_type=\"container\">\n\t\t\t\t<div class=\"elementor-element elementor-element-e5e0d91 elementor-widget elementor-widget-heading\" data-id=\"e5e0d91\" data-element_type=\"widget\" data-widget_type=\"heading.default\">\n\t\t\t\t<div class=\"elementor-widget-container\">\n\t\t\t\t\t<h2 class=\"elementor-heading-title elementor-size-default\">MOYENS TECHNIQUES &amp; P\u00c9DAGOGIQUES<\/h2>\t\t\t\t<\/div>\n\t\t\t\t<\/div>\n\t\t<div class=\"elementor-element elementor-element-fe9a073 e-con-full e-flex e-con e-child\" data-id=\"fe9a073\" data-element_type=\"container\">\n\t\t\t\t<div class=\"elementor-element elementor-element-44b4db9 elementor-widget elementor-widget-text-editor\" data-id=\"44b4db9\" data-element_type=\"widget\" data-widget_type=\"text-editor.default\">\n\t\t\t\t<div class=\"elementor-widget-container\">\n\t\t\t\t\t\t\t\t\t<ul style=\"font-weight: 400;\"><li><p><strong>Supports p\u00e9dagogiques :<\/strong> fiches pratiques, guides visuels, vid\u00e9os explicatives.<\/p><\/li><li><p><strong>Simulations interactives et mises en situation r\u00e9elles.<\/strong> <em>(M\u00e9thode interrogative, Multiples \u00e9changes avec et entre les stagiaires, Formation interactive avec \u00e9changes d\u2019exp\u00e9riences, mises en situation, d\u00e9briefing, analyses des situations\u2026)<\/em><\/p><\/li><li><p><strong>Espaces d\u00e9di\u00e9s :<\/strong> salle \u00e9quip\u00e9e (vid\u00e9oprojecteur, tableau blanc, connexion internet) et am\u00e9nagements adapt\u00e9s aux jeux de r\u00f4le.<\/p><\/li><\/ul>\t\t\t\t\t\t\t\t<\/div>\n\t\t\t\t<\/div>\n\t\t\t\t<\/div>\n\t\t\t\t<\/div>\n\t\t<div class=\"elementor-element elementor-element-c9b773a e-con-full e-flex e-con e-child\" data-id=\"c9b773a\" data-element_type=\"container\">\n\t\t\t\t<div class=\"elementor-element elementor-element-168bd70 elementor-widget elementor-widget-heading\" data-id=\"168bd70\" data-element_type=\"widget\" data-widget_type=\"heading.default\">\n\t\t\t\t<div class=\"elementor-widget-container\">\n\t\t\t\t\t<h2 class=\"elementor-heading-title elementor-size-default\">SUIVI DE FORMATION<\/h2>\t\t\t\t<\/div>\n\t\t\t\t<\/div>\n\t\t<div class=\"elementor-element elementor-element-0968937 e-con-full e-flex e-con e-child\" data-id=\"0968937\" data-element_type=\"container\">\n\t\t\t\t<div class=\"elementor-element elementor-element-729913f elementor-widget elementor-widget-text-editor\" data-id=\"729913f\" data-element_type=\"widget\" data-widget_type=\"text-editor.default\">\n\t\t\t\t<div class=\"elementor-widget-container\">\n\t\t\t\t\t\t\t\t\t<p>\u00a0<\/p><ul><li>Questionnaire de satisfaction en fin de formation.<\/li><\/ul><ul><li>\u00c9valuation du transfert des acquis sur le terrain.<\/li><\/ul><ul><li>Apr\u00e8s chaque formation, une fiche r\u00e9capitulative des points cl\u00e9s est envoy\u00e9e aux apprenants, leur permettant de conserver une trace et de nous contacter si besoin.<\/li><\/ul>\t\t\t\t\t\t\t\t<\/div>\n\t\t\t\t<\/div>\n\t\t\t\t<\/div>\n\t\t\t\t<\/div>\n\t\t\t\t<\/div>\n\t\t<div class=\"elementor-element elementor-element-aac49cc e-con-full e-flex e-con e-child\" data-id=\"aac49cc\" data-element_type=\"container\">\n\t\t<div class=\"elementor-element elementor-element-1a30e45 e-con-full e-flex e-con e-child\" data-id=\"1a30e45\" data-element_type=\"container\">\n\t\t\t\t<div class=\"elementor-element elementor-element-3cd5298 elementor-widget elementor-widget-text-editor\" data-id=\"3cd5298\" data-element_type=\"widget\" data-widget_type=\"text-editor.default\">\n\t\t\t\t<div class=\"elementor-widget-container\">\n\t\t\t\t\t\t\t\t\t<p><strong>\u00c0 l&#8217;issue de cette formation, les participants seront capables de :<\/strong><\/p><p style=\"text-align: left;\">Comprendre les fondamentaux de l\u2019h\u00f4tellerie et s\u2019adapter rapidement aux exigences sp\u00e9cifiques du m\u00e9tier.<\/p><p style=\"text-align: left;\">Ma\u00eetriser les techniques d\u2019accueil et de communication client pour une prise de poste efficace et professionnelle.<\/p><p style=\"text-align: left;\">Adopter les codes du luxe et du service haut de gamme, en incarnant les valeurs de l\u2019h\u00f4tel et en agissant comme<br \/>un v\u00e9ritable ambassadeur de l\u2019\u00e9tablissement.<\/p><p style=\"text-align: left;\">D\u00e9velopper leurs comp\u00e9tences commerciales et d&#8217;upselling pour valoriser l\u2019\u00e9tablissement et am\u00e9liorer la<br \/>satisfaction client.<\/p><p style=\"text-align: left;\">Favoriser la coh\u00e9sion au sein de l\u2019\u00e9quipe, en \u00e9tablissant une relation de confiance et d\u2019engagement \u00e0 long terme.<\/p>\t\t\t\t\t\t\t\t<\/div>\n\t\t\t\t<\/div>\n\t\t\t\t<\/div>\n\t\t\t\t<\/div>\n\t\t\t\t<\/div>\n\t\t\t\t<\/div>\n\t\t\t\t<\/div>\n\t\t\t\t\t<\/div>\n\t\t\t\t<\/div>\n\t\t<div class=\"elementor-element elementor-element-fb66225 e-flex e-con-boxed e-con e-parent\" data-id=\"fb66225\" data-element_type=\"container\">\n\t\t\t\t\t<div class=\"e-con-inner\">\n\t\t\t\t<div class=\"elementor-element elementor-element-51b8ea8 elementor-widget elementor-widget-spacer\" data-id=\"51b8ea8\" data-element_type=\"widget\" data-widget_type=\"spacer.default\">\n\t\t\t\t<div class=\"elementor-widget-container\">\n\t\t\t\t\t\t\t<div class=\"elementor-spacer\">\n\t\t\t<div class=\"elementor-spacer-inner\"><\/div>\n\t\t<\/div>\n\t\t\t\t\t\t<\/div>\n\t\t\t\t<\/div>\n\t\t\t\t<div class=\"elementor-element elementor-element-a133815 elementor-widget elementor-widget-button\" data-id=\"a133815\" data-element_type=\"widget\" data-widget_type=\"button.default\">\n\t\t\t\t<div class=\"elementor-widget-container\">\n\t\t\t\t\t\t\t\t\t<div class=\"elementor-button-wrapper\">\n\t\t\t\t\t<a class=\"elementor-button elementor-button-link elementor-size-sm\" href=\"https:\/\/drive.google.com\/file\/d\/11psVdu4eOEcJfFo_fy1KEmu6aNtPwW9z\/view?usp=sharing\" target=\"_blank\">\n\t\t\t\t\t\t<span class=\"elementor-button-content-wrapper\">\n\t\t\t\t\t\t\t\t\t<span class=\"elementor-button-text\">T\u00e9l\u00e9charger le programme<\/span>\n\t\t\t\t\t<\/span>\n\t\t\t\t\t<\/a>\n\t\t\t\t<\/div>\n\t\t\t\t\t\t\t\t<\/div>\n\t\t\t\t<\/div>\n\t\t\t\t<div class=\"elementor-element elementor-element-68353f1 elementor-widget elementor-widget-spacer\" data-id=\"68353f1\" data-element_type=\"widget\" data-widget_type=\"spacer.default\">\n\t\t\t\t<div class=\"elementor-widget-container\">\n\t\t\t\t\t\t\t<div class=\"elementor-spacer\">\n\t\t\t<div class=\"elementor-spacer-inner\"><\/div>\n\t\t<\/div>\n\t\t\t\t\t\t<\/div>\n\t\t\t\t<\/div>\n\t\t\t\t\t<\/div>\n\t\t\t\t<\/div>\n\t\t<div class=\"elementor-element elementor-element-c617fd3 e-flex e-con-boxed e-con e-parent\" data-id=\"c617fd3\" data-element_type=\"container\">\n\t\t\t\t\t<div class=\"e-con-inner\">\n\t\t<div class=\"elementor-element elementor-element-f2d3a87 e-con-full e-flex e-con e-child\" data-id=\"f2d3a87\" data-element_type=\"container\">\n\t\t\t\t<div class=\"elementor-element elementor-element-6e06bde elementor-widget elementor-widget-text-editor\" data-id=\"6e06bde\" data-element_type=\"widget\" data-widget_type=\"text-editor.default\">\n\t\t\t\t<div class=\"elementor-widget-container\">\n\t\t\t\t\t\t\t\t\t<p><em>Date de mise \u00e0 jour : F\u00e9vrier 2025<\/em><\/p>\t\t\t\t\t\t\t\t<\/div>\n\t\t\t\t<\/div>\n\t\t\t\t<\/div>\n\t\t\t\t\t<\/div>\n\t\t\t\t<\/div>\n\t\t\t\t<\/div>\n\t\t","protected":false},"excerpt":{"rendered":"<p>INT\u00c9GRATION D&#8217;UNE NOUVELLE RECRUE OBJECTIFS P\u00c9DAGOGIQUES Assurer une int\u00e9gration rapide et valorisante des nouveaux collaborateurs. La qualit\u00e9 de l\u2019int\u00e9gration conditionne lamotivation et l\u2019engagement des employ\u00e9s. Cette formation vise \u00e0 transmettre les fondamentaux de l\u2019h\u00f4tellerie, \u00e0faciliter l\u2019adaptation aux attentes du service et \u00e0 donner aux recrues les cl\u00e9s pour \u00eatre op\u00e9rationnelles rapidement. Contenu de la formation [&hellip;]<\/p>\n","protected":false},"author":1,"featured_media":0,"parent":0,"menu_order":0,"comment_status":"closed","ping_status":"closed","template":"elementor_header_footer","meta":{"footnotes":""},"class_list":["post-5267","page","type-page","status-publish","hentry"],"_links":{"self":[{"href":"https:\/\/isonia-conseil.fr\/index.php\/wp-json\/wp\/v2\/pages\/5267","targetHints":{"allow":["GET"]}}],"collection":[{"href":"https:\/\/isonia-conseil.fr\/index.php\/wp-json\/wp\/v2\/pages"}],"about":[{"href":"https:\/\/isonia-conseil.fr\/index.php\/wp-json\/wp\/v2\/types\/page"}],"author":[{"embeddable":true,"href":"https:\/\/isonia-conseil.fr\/index.php\/wp-json\/wp\/v2\/users\/1"}],"replies":[{"embeddable":true,"href":"https:\/\/isonia-conseil.fr\/index.php\/wp-json\/wp\/v2\/comments?post=5267"}],"version-history":[{"count":34,"href":"https:\/\/isonia-conseil.fr\/index.php\/wp-json\/wp\/v2\/pages\/5267\/revisions"}],"predecessor-version":[{"id":6096,"href":"https:\/\/isonia-conseil.fr\/index.php\/wp-json\/wp\/v2\/pages\/5267\/revisions\/6096"}],"wp:attachment":[{"href":"https:\/\/isonia-conseil.fr\/index.php\/wp-json\/wp\/v2\/media?parent=5267"}],"curies":[{"name":"wp","href":"https:\/\/api.w.org\/{rel}","templated":true}]}}