{"id":5284,"date":"2025-03-07T15:40:09","date_gmt":"2025-03-07T14:40:09","guid":{"rendered":"https:\/\/isonia-conseil.fr\/?page_id=5284"},"modified":"2025-04-29T11:26:25","modified_gmt":"2025-04-29T09:26:25","slug":"excellence-operationnelle-en-hotellerie-luxe","status":"publish","type":"page","link":"https:\/\/isonia-conseil.fr\/index.php\/excellence-operationnelle-en-hotellerie-luxe\/","title":{"rendered":"Excellence Op\u00e9rationnelle en H\u00f4tellerie &#038; Luxe"},"content":{"rendered":"\t\t<div data-elementor-type=\"wp-page\" data-elementor-id=\"5284\" class=\"elementor elementor-5284\">\n\t\t\t\t<div class=\"elementor-element elementor-element-e092a0d e-flex e-con-boxed e-con e-parent\" data-id=\"e092a0d\" data-element_type=\"container\">\n\t\t\t\t\t<div class=\"e-con-inner\">\n\t\t\t\t<div class=\"elementor-element elementor-element-66a0def elementor-widget elementor-widget-spacer\" data-id=\"66a0def\" data-element_type=\"widget\" data-widget_type=\"spacer.default\">\n\t\t\t\t<div class=\"elementor-widget-container\">\n\t\t\t\t\t\t\t<div class=\"elementor-spacer\">\n\t\t\t<div class=\"elementor-spacer-inner\"><\/div>\n\t\t<\/div>\n\t\t\t\t\t\t<\/div>\n\t\t\t\t<\/div>\n\t\t\t\t\t<\/div>\n\t\t\t\t<\/div>\n\t\t<div class=\"elementor-element elementor-element-23d3d52 e-flex e-con-boxed e-con e-parent\" data-id=\"23d3d52\" data-element_type=\"container\">\n\t\t\t\t\t<div class=\"e-con-inner\">\n\t\t\t\t<div class=\"elementor-element elementor-element-31d51e7 elementor-widget elementor-widget-heading\" data-id=\"31d51e7\" data-element_type=\"widget\" data-widget_type=\"heading.default\">\n\t\t\t\t<div class=\"elementor-widget-container\">\n\t\t\t\t\t<h2 class=\"elementor-heading-title elementor-size-default\">EXCELLENCE OPERATIONNELLE EN\nHOTELLERIE &amp; LUXE<\/h2>\t\t\t\t<\/div>\n\t\t\t\t<\/div>\n\t\t\t\t<div class=\"elementor-element elementor-element-f755dcf elementor-widget elementor-widget-spacer\" data-id=\"f755dcf\" data-element_type=\"widget\" data-widget_type=\"spacer.default\">\n\t\t\t\t<div class=\"elementor-widget-container\">\n\t\t\t\t\t\t\t<div class=\"elementor-spacer\">\n\t\t\t<div class=\"elementor-spacer-inner\"><\/div>\n\t\t<\/div>\n\t\t\t\t\t\t<\/div>\n\t\t\t\t<\/div>\n\t\t\t\t\t<\/div>\n\t\t\t\t<\/div>\n\t\t<div class=\"elementor-element elementor-element-be70661 e-flex e-con-boxed e-con e-parent\" data-id=\"be70661\" data-element_type=\"container\">\n\t\t\t\t\t<div class=\"e-con-inner\">\n\t\t<div class=\"elementor-element elementor-element-17ddd33 e-con-full e-flex e-con e-child\" data-id=\"17ddd33\" data-element_type=\"container\" data-settings=\"{&quot;background_background&quot;:&quot;classic&quot;}\">\n\t\t<div class=\"elementor-element elementor-element-ef0820b e-con-full e-flex e-con e-child\" data-id=\"ef0820b\" data-element_type=\"container\" data-settings=\"{&quot;background_background&quot;:&quot;classic&quot;}\">\n\t\t\t\t<div class=\"elementor-element elementor-element-1277adc elementor-widget elementor-widget-heading\" data-id=\"1277adc\" data-element_type=\"widget\" data-widget_type=\"heading.default\">\n\t\t\t\t<div class=\"elementor-widget-container\">\n\t\t\t\t\t<h2 class=\"elementor-heading-title elementor-size-default\">OBJECTIFS P\u00c9DAGOGIQUES<\/h2>\t\t\t\t<\/div>\n\t\t\t\t<\/div>\n\t\t\t\t<\/div>\n\t\t\t\t<div class=\"elementor-element elementor-element-89dd43a elementor-widget elementor-widget-text-editor\" data-id=\"89dd43a\" data-element_type=\"widget\" data-widget_type=\"text-editor.default\">\n\t\t\t\t<div class=\"elementor-widget-container\">\n\t\t\t\t\t\t\t\t\t<p>Structurer un service premium en int\u00e9grant les codes du luxe et en optimisant l\u2019exp\u00e9rience client. L\u2019h\u00f4tellerie haut de<br \/>gamme repose sur une attention m\u00e9ticuleuse aux d\u00e9tails et une anticipation des besoins. Cette formation permet aux<br \/>\u00e9quipes de se d\u00e9marquer par un service ultra-personnalis\u00e9, une gestion efficace des r\u00e9clamations et une approche<br \/>commerciale discr\u00e8te mais performante.<\/p><p style=\"text-align: center;\"><strong>Contenu de la formation :<\/strong><\/p><p><strong>\u232aInt\u00e9grer l\u2019Excellence dans les Services :<\/strong> Respecter et surpasser les attentes des clients VIP.<br \/><strong>\u232aPersonnalisation et Exp\u00e9rience Client M\u00e9morable :<\/strong> Offrir un service ultra-cibl\u00e9 et m\u00e9morable.<br \/><strong>\u232aGestion des R\u00e9clamations et Anticipation des Besoins :<\/strong> R\u00e9pondre efficacement aux attentes clients.<br \/><strong>\u232aUpselling &amp; Vente Additionnelle :<\/strong> Optimiser la rentabilit\u00e9 tout en restant au service du client.<br \/><strong>\u232aPosture, Pr\u00e9sence et Engagement :<\/strong> D\u00e9velopper une attitude inspirante et professionnelle.<\/p>\t\t\t\t\t\t\t\t<\/div>\n\t\t\t\t<\/div>\n\t\t<div class=\"elementor-element elementor-element-9995138 e-con-full e-flex e-con e-child\" data-id=\"9995138\" data-element_type=\"container\">\n\t\t\t\t<div class=\"elementor-element elementor-element-956d76f elementor-widget elementor-widget-heading\" data-id=\"956d76f\" data-element_type=\"widget\" data-widget_type=\"heading.default\">\n\t\t\t\t<div class=\"elementor-widget-container\">\n\t\t\t\t\t<h2 class=\"elementor-heading-title elementor-size-default\">PUBLIC CIBL\u00c9<\/h2>\t\t\t\t<\/div>\n\t\t\t\t<\/div>\n\t\t\t\t<\/div>\n\t\t<div class=\"elementor-element elementor-element-f6d0b81 e-con-full e-flex e-con e-child\" data-id=\"f6d0b81\" data-element_type=\"container\" data-settings=\"{&quot;background_background&quot;:&quot;classic&quot;}\">\n\t\t\t\t<div class=\"elementor-element elementor-element-8df192d elementor-widget elementor-widget-text-editor\" data-id=\"8df192d\" data-element_type=\"widget\" data-widget_type=\"text-editor.default\">\n\t\t\t\t<div class=\"elementor-widget-container\">\n\t\t\t\t\t\t\t\t\t<p class=\"p1\"><span class=\"OYPEnA font-feature-liga-off font-feature-clig-off font-feature-calt-off text-decoration-none text-strikethrough-none\">\u00c9quipes op\u00e9rationnelles en contact direct avec la clientele<\/span><\/p>\t\t\t\t\t\t\t\t<\/div>\n\t\t\t\t<\/div>\n\t\t\t\t<\/div>\n\t\t\t\t<\/div>\n\t\t<div class=\"elementor-element elementor-element-f33cadb e-con-full e-flex e-con e-child\" data-id=\"f33cadb\" data-element_type=\"container\">\n\t\t\t\t<div class=\"elementor-element elementor-element-6aa4ee2 elementor-widget elementor-widget-heading\" data-id=\"6aa4ee2\" data-element_type=\"widget\" data-widget_type=\"heading.default\">\n\t\t\t\t<div class=\"elementor-widget-container\">\n\t\t\t\t\t<h2 class=\"elementor-heading-title elementor-size-default\">PR\u00c9REQUIS <\/h2>\t\t\t\t<\/div>\n\t\t\t\t<\/div>\n\t\t<div class=\"elementor-element elementor-element-00c8b43 e-con-full e-flex e-con e-child\" data-id=\"00c8b43\" data-element_type=\"container\">\n\t\t\t\t<div class=\"elementor-element elementor-element-a98fb76 elementor-widget elementor-widget-text-editor\" data-id=\"a98fb76\" data-element_type=\"widget\" data-widget_type=\"text-editor.default\">\n\t\t\t\t<div class=\"elementor-widget-container\">\n\t\t\t\t\t\t\t\t\t<p class=\"p1\">Aucun pr\u00e9requis n\u00e9cessaire<\/p>\t\t\t\t\t\t\t\t<\/div>\n\t\t\t\t<\/div>\n\t\t<div class=\"elementor-element elementor-element-82e7d0c e-con-full e-flex e-con e-child\" data-id=\"82e7d0c\" data-element_type=\"container\">\n\t\t\t\t<div class=\"elementor-element elementor-element-75bbb73 elementor-widget elementor-widget-heading\" data-id=\"75bbb73\" data-element_type=\"widget\" data-widget_type=\"heading.default\">\n\t\t\t\t<div class=\"elementor-widget-container\">\n\t\t\t\t\t<h2 class=\"elementor-heading-title elementor-size-default\">INFORMATIONS<\/h2>\t\t\t\t<\/div>\n\t\t\t\t<\/div>\n\t\t<div class=\"elementor-element elementor-element-91f03c7 e-con-full e-flex e-con e-child\" data-id=\"91f03c7\" data-element_type=\"container\">\n\t\t\t\t<div class=\"elementor-element elementor-element-397ffbe elementor-widget elementor-widget-text-editor\" data-id=\"397ffbe\" data-element_type=\"widget\" data-widget_type=\"text-editor.default\">\n\t\t\t\t<div class=\"elementor-widget-container\">\n\t\t\t\t\t\t\t\t\t<div class=\"elementor-element elementor-element-ec8220d elementor-widget elementor-widget-text-editor\" data-id=\"ec8220d\" data-element_type=\"widget\" data-widget_type=\"text-editor.default\"><div class=\"elementor-widget-container\"><p><b>Dur\u00e9e<\/b> :<\/p><\/div><\/div><div class=\"elementor-element elementor-element-7c69376 elementor-widget elementor-widget-heading\" data-id=\"7c69376\" data-element_type=\"widget\" data-widget_type=\"heading.default\"><div class=\"elementor-widget-container\"><p><span style=\"text-decoration: underline;\">Recueil des besoins :<\/span><\/p><p style=\"font-weight: 400;\">Questionnaire pr\u00e9alable, entretien.<\/p><p><span style=\"text-decoration: underline;\">Dur\u00e9e de la formation\u00a0:<\/span><\/p><div><div><p><strong>2 jours complets\u00a0: 14 heures <\/strong>(Groupe de 3 \u00e0 8 personnes maximum)<\/p><\/div><\/div><p class=\"p1\"><b>Modalit\u00e9s d\u2019organisation<\/b> :<\/p><p><span style=\"text-decoration: underline;\">Pr\u00e9sentiel:<\/span> Formation dispens\u00e9e dans vos locaux ou en centre de formation.<\/p><p><span style=\"text-decoration: underline;\">Dates: <\/span>\u00c0 d\u00e9terminer avec les entreprises clientes.<\/p><p><span style=\"text-decoration: underline;\">D\u00e9lais d\u2019acc\u00e8s\u00a0:<\/span><\/p><p>D\u00e9lais moyen : 2 semaines (entre le recueil des besoins et la date de la formation)<\/p><div>\u00a0<\/div><\/div><\/div><div class=\"elementor-element elementor-element-e1466bb elementor-widget elementor-widget-heading\" data-id=\"e1466bb\" data-element_type=\"widget\" data-widget_type=\"heading.default\"><div class=\"elementor-widget-container\"><p class=\"p1\"><b>Tarifs<\/b><\/p><\/div><\/div><div class=\"elementor-element elementor-element-f59852c elementor-widget elementor-widget-text-editor\" data-id=\"f59852c\" data-element_type=\"widget\" data-widget_type=\"text-editor.default\"><div class=\"elementor-widget-container\"><ul><li><p><strong>Formation inter-entreprises<\/strong>:<strong><br \/><\/strong><strong>500 \u20ac TTC \/ jour \/ participant<\/strong><strong><br \/><\/strong><em>(Sessions regroupant des participants issus de plusieurs entreprises, organis\u00e9es dans nos locaux ou en salle externe)<\/em><\/p><\/li><\/ul><p style=\"font-weight: 400;\"><strong>\u00a0<\/strong><\/p><ul><li><p><strong>Formation intra-entreprise<\/strong>:<strong><br \/><\/strong><strong>Tarif sur mesure<\/strong><strong>, <\/strong>d\u00e9termin\u00e9 en fonction du<strong>\u00a0<\/strong><strong>nombre de participants<\/strong><strong>.<br \/><\/strong><em>(La formation peut se d\u00e9rouler dans les locaux de l\u2019entreprise ou dans une salle externe d\u00e9di\u00e9e, selon les besoins)<\/em><\/p><\/li><\/ul><\/div><\/div>\t\t\t\t\t\t\t\t<\/div>\n\t\t\t\t<\/div>\n\t\t\t\t<\/div>\n\t\t\t\t<\/div>\n\t\t\t\t<\/div>\n\t\t\t\t<\/div>\n\t\t\t\t\t<\/div>\n\t\t\t\t<\/div>\n\t\t<div class=\"elementor-element elementor-element-f40ec8f e-flex e-con-boxed e-con e-parent\" data-id=\"f40ec8f\" data-element_type=\"container\">\n\t\t\t\t\t<div class=\"e-con-inner\">\n\t\t<div class=\"elementor-element elementor-element-1224ad6 e-con-full e-flex e-con e-child\" data-id=\"1224ad6\" data-element_type=\"container\">\n\t\t<div class=\"elementor-element elementor-element-5ea6279 e-con-full e-flex e-con e-child\" data-id=\"5ea6279\" data-element_type=\"container\">\n\t\t\t\t<div class=\"elementor-element elementor-element-95b748e elementor-widget elementor-widget-text-editor\" data-id=\"95b748e\" data-element_type=\"widget\" data-widget_type=\"text-editor.default\">\n\t\t\t\t<div class=\"elementor-widget-container\">\n\t\t\t\t\t\t\t\t\t<blockquote><h3>\u00a0<\/h3><h3 class=\"p1\"><strong><span style=\"color: #000000;\">ACCESSIBILIT\u00c9 PSH<\/span><\/strong><\/h3><p>\u00a0<\/p><\/blockquote>\t\t\t\t\t\t\t\t<\/div>\n\t\t\t\t<\/div>\n\t\t\t\t<\/div>\n\t\t<div class=\"elementor-element elementor-element-ec1f143 e-con-full e-flex e-con e-child\" data-id=\"ec1f143\" data-element_type=\"container\">\n\t\t\t\t<div class=\"elementor-element elementor-element-a9335fc elementor-widget elementor-widget-text-editor\" data-id=\"a9335fc\" data-element_type=\"widget\" data-widget_type=\"text-editor.default\">\n\t\t\t\t<div class=\"elementor-widget-container\">\n\t\t\t\t\t\t\t\t\t<p><span style=\"font-weight: 400;\"><strong>Nous nous engageons \u00e0 rendre nos formations accessibles \u00e0 tous :<\/strong><\/span><\/p><ul style=\"font-weight: 400;\"><li>Possibilit\u00e9 d\u2019adapter le rythme et le format d\u2019apprentissage<\/li><li>Documents en version adapt\u00e9e (police agrandie, support audio)<\/li><li>Lieux de formation accessibles aux personnes \u00e0 mobilit\u00e9 r\u00e9duite<\/li><\/ul><p><span style=\"font-weight: 400;\"><strong>Pour toute question ou besoin sp\u00e9cifique, contactez-nous.<\/strong><\/span><\/p><p>R\u00e9f\u00e9rent PSH : M\u00e9lanie Hauterat <a href=\"mailto:contact@isonia-conseil.fr\">contact@isonia-conseil.fr<\/a><\/p>\t\t\t\t\t\t\t\t<\/div>\n\t\t\t\t<\/div>\n\t\t\t\t<\/div>\n\t\t\t\t<\/div>\n\t\t<div class=\"elementor-element elementor-element-2075265 e-con-full e-flex e-con e-child\" data-id=\"2075265\" data-element_type=\"container\">\n\t\t<div class=\"elementor-element elementor-element-044f9ef e-con-full e-flex e-con e-child\" data-id=\"044f9ef\" data-element_type=\"container\">\n\t\t<div class=\"elementor-element elementor-element-27c501e e-con-full e-flex e-con e-child\" data-id=\"27c501e\" data-element_type=\"container\">\n\t\t\t\t<div class=\"elementor-element elementor-element-7061df3 elementor-widget elementor-widget-text-editor\" data-id=\"7061df3\" data-element_type=\"widget\" data-widget_type=\"text-editor.default\">\n\t\t\t\t<div class=\"elementor-widget-container\">\n\t\t\t\t\t\t\t\t\t<blockquote><p>\u00a0<\/p><p>\u00a0<\/p><h3><span style=\"color: #000000;\">MODALIT\u00c9 \u00c9VALUATION<\/span><\/h3><p>\u00a0<\/p><p>\u00a0<\/p><\/blockquote><p>\u00a0<\/p>\t\t\t\t\t\t\t\t<\/div>\n\t\t\t\t<\/div>\n\t\t\t\t<\/div>\n\t\t<div class=\"elementor-element elementor-element-5be0eff e-con-full e-flex e-con e-child\" data-id=\"5be0eff\" data-element_type=\"container\">\n\t\t\t\t<div class=\"elementor-element elementor-element-972087d elementor-widget elementor-widget-text-editor\" data-id=\"972087d\" data-element_type=\"widget\" data-widget_type=\"text-editor.default\">\n\t\t\t\t<div class=\"elementor-widget-container\">\n\t\t\t\t\t\t\t\t\t<ul><li><p><strong>\u00c9valuation initiale<\/strong>: Diagnostic des comp\u00e9tences.<\/p><\/li><li><p><strong>\u00c9valuations interm\u00e9diaires<\/strong>: Exercices pratiques, mises en situation, \u00e9tudes de cas.<\/p><\/li><li><p><strong>\u00c9valuation \u00e0 chaud <\/strong>: Validation des acquis via des tests (QCM, jeux de r\u00f4les, questionnaires\u2026).<\/p><\/li><li><p><strong>\u00c9valuation \u00e0 froid <\/strong><em>(\u00e0 3 mois) <\/em>: V\u00e9rification de la mise en \u0153uvre des acquis en situation professionnelle via un questionnaire de suivi envoy\u00e9 au participant et\/ou \u00e0 l\u2019employeur, permettant d\u2019\u00e9valuer l\u2019impact r\u00e9el de la formation sur le poste de travail.<\/p><\/li><\/ul>\t\t\t\t\t\t\t\t<\/div>\n\t\t\t\t<\/div>\n\t\t\t\t<\/div>\n\t\t\t\t<\/div>\n\t\t<div class=\"elementor-element elementor-element-5c69fb2 e-con-full e-flex e-con e-child\" data-id=\"5c69fb2\" data-element_type=\"container\">\n\t\t<div class=\"elementor-element elementor-element-5b7a6dc e-con-full e-flex e-con e-child\" data-id=\"5b7a6dc\" data-element_type=\"container\">\n\t\t<div class=\"elementor-element elementor-element-64ccdc4 e-con-full e-flex e-con e-child\" data-id=\"64ccdc4\" data-element_type=\"container\">\n\t\t\t\t<div class=\"elementor-element elementor-element-2d5e45c elementor-widget elementor-widget-heading\" data-id=\"2d5e45c\" data-element_type=\"widget\" data-widget_type=\"heading.default\">\n\t\t\t\t<div class=\"elementor-widget-container\">\n\t\t\t\t\t<h2 class=\"elementor-heading-title elementor-size-default\">MOYENS TECHNIQUES &amp; P\u00c9DAGOGIQUES<\/h2>\t\t\t\t<\/div>\n\t\t\t\t<\/div>\n\t\t<div class=\"elementor-element elementor-element-2c49d4e e-con-full e-flex e-con e-child\" data-id=\"2c49d4e\" data-element_type=\"container\">\n\t\t\t\t<div class=\"elementor-element elementor-element-1d5f1a3 elementor-widget elementor-widget-text-editor\" data-id=\"1d5f1a3\" data-element_type=\"widget\" data-widget_type=\"text-editor.default\">\n\t\t\t\t<div class=\"elementor-widget-container\">\n\t\t\t\t\t\t\t\t\t<ul style=\"font-weight: 400;\"><li><p><strong>Supports p\u00e9dagogiques :<\/strong> fiches pratiques, guides visuels, vid\u00e9os explicatives.<\/p><\/li><li><p><strong>Simulations interactives et mises en situation r\u00e9elles.<\/strong> <em>(M\u00e9thode interrogative, Multiples \u00e9changes avec et entre les stagiaires, Formation interactive avec \u00e9changes d\u2019exp\u00e9riences, mises en situation, d\u00e9briefing, analyses des situations\u2026)<\/em><\/p><\/li><li><p><strong>Espaces d\u00e9di\u00e9s :<\/strong> salle \u00e9quip\u00e9e (vid\u00e9oprojecteur, tableau blanc, connexion internet) et am\u00e9nagements adapt\u00e9s aux jeux de r\u00f4le.<\/p><\/li><\/ul>\t\t\t\t\t\t\t\t<\/div>\n\t\t\t\t<\/div>\n\t\t\t\t<\/div>\n\t\t\t\t<\/div>\n\t\t<div class=\"elementor-element elementor-element-9b1b8cb e-con-full e-flex e-con e-child\" data-id=\"9b1b8cb\" data-element_type=\"container\">\n\t\t\t\t<div class=\"elementor-element elementor-element-61526db elementor-widget elementor-widget-heading\" data-id=\"61526db\" data-element_type=\"widget\" data-widget_type=\"heading.default\">\n\t\t\t\t<div class=\"elementor-widget-container\">\n\t\t\t\t\t<h2 class=\"elementor-heading-title elementor-size-default\">SUIVI DE FORMATION<\/h2>\t\t\t\t<\/div>\n\t\t\t\t<\/div>\n\t\t<div class=\"elementor-element elementor-element-25a561d e-con-full e-flex e-con e-child\" data-id=\"25a561d\" data-element_type=\"container\">\n\t\t\t\t<div class=\"elementor-element elementor-element-4a11cc3 elementor-widget elementor-widget-text-editor\" data-id=\"4a11cc3\" data-element_type=\"widget\" data-widget_type=\"text-editor.default\">\n\t\t\t\t<div class=\"elementor-widget-container\">\n\t\t\t\t\t\t\t\t\t<p>\u00a0<\/p><ul><li>Questionnaire de satisfaction en fin de formation.<\/li><\/ul><ul><li>\u00c9valuation du transfert des acquis sur le terrain.<\/li><\/ul><ul><li>Apr\u00e8s chaque formation, une fiche r\u00e9capitulative des points cl\u00e9s est envoy\u00e9e aux apprenants, leur permettant de conserver une trace et de nous contacter si besoin.<\/li><\/ul>\t\t\t\t\t\t\t\t<\/div>\n\t\t\t\t<\/div>\n\t\t\t\t<\/div>\n\t\t\t\t<\/div>\n\t\t\t\t<\/div>\n\t\t<div class=\"elementor-element elementor-element-82f4eed e-con-full e-flex e-con e-child\" data-id=\"82f4eed\" data-element_type=\"container\">\n\t\t<div class=\"elementor-element elementor-element-27cd666 e-con-full e-flex e-con e-child\" data-id=\"27cd666\" data-element_type=\"container\">\n\t\t\t\t<div class=\"elementor-element elementor-element-3f1c739 elementor-widget elementor-widget-text-editor\" data-id=\"3f1c739\" data-element_type=\"widget\" data-widget_type=\"text-editor.default\">\n\t\t\t\t<div class=\"elementor-widget-container\">\n\t\t\t\t\t\t\t\t\t<p><strong>\u00c0 l&#8217;issue de cette formation, les participants seront capables de :<\/strong><\/p><p style=\"text-align: left;\">D\u00e9passer les attentes des clients VIP en int\u00e9grant les normes d\u2019excellence dans tous les aspects du service.<\/p><p style=\"text-align: left;\">Cr\u00e9er des exp\u00e9riences client m\u00e9morables en offrant un service ultra-personnalis\u00e9, adapt\u00e9 aux besoins sp\u00e9cifiques<br \/>de chaque client.<\/p><p style=\"text-align: left;\">G\u00e9rer les r\u00e9clamations de mani\u00e8re efficace et anticiper les besoins des clients pour garantir leur satisfaction totale.<\/p><p style=\"text-align: left;\">Maximiser les opportunit\u00e9s de vente additionnelle (upselling) tout en veillant \u00e0 pr\u00e9server une relation discr\u00e8te et<br \/>centr\u00e9e sur le client.<\/p><p style=\"text-align: left;\">Adopter une posture professionnelle et engageante, incarnant l\u2019\u00e9l\u00e9gance et l\u2019attention aux d\u00e9tails propres au luxe.<\/p>\t\t\t\t\t\t\t\t<\/div>\n\t\t\t\t<\/div>\n\t\t\t\t<\/div>\n\t\t\t\t<div class=\"elementor-element elementor-element-933625e elementor-widget elementor-widget-spacer\" data-id=\"933625e\" data-element_type=\"widget\" data-widget_type=\"spacer.default\">\n\t\t\t\t<div class=\"elementor-widget-container\">\n\t\t\t\t\t\t\t<div class=\"elementor-spacer\">\n\t\t\t<div class=\"elementor-spacer-inner\"><\/div>\n\t\t<\/div>\n\t\t\t\t\t\t<\/div>\n\t\t\t\t<\/div>\n\t\t\t\t<\/div>\n\t\t\t\t<\/div>\n\t\t\t\t<\/div>\n\t\t\t\t\t<\/div>\n\t\t\t\t<\/div>\n\t\t<div class=\"elementor-element elementor-element-8dc42ce e-flex e-con-boxed e-con e-parent\" data-id=\"8dc42ce\" data-element_type=\"container\">\n\t\t\t\t\t<div class=\"e-con-inner\">\n\t\t\t\t<div class=\"elementor-element elementor-element-e7ee3c8 elementor-widget elementor-widget-spacer\" data-id=\"e7ee3c8\" data-element_type=\"widget\" data-widget_type=\"spacer.default\">\n\t\t\t\t<div class=\"elementor-widget-container\">\n\t\t\t\t\t\t\t<div class=\"elementor-spacer\">\n\t\t\t<div class=\"elementor-spacer-inner\"><\/div>\n\t\t<\/div>\n\t\t\t\t\t\t<\/div>\n\t\t\t\t<\/div>\n\t\t\t\t<div class=\"elementor-element elementor-element-4d2682c elementor-widget elementor-widget-button\" data-id=\"4d2682c\" data-element_type=\"widget\" data-widget_type=\"button.default\">\n\t\t\t\t<div class=\"elementor-widget-container\">\n\t\t\t\t\t\t\t\t\t<div class=\"elementor-button-wrapper\">\n\t\t\t\t\t<a class=\"elementor-button elementor-button-link elementor-size-sm\" href=\"https:\/\/drive.google.com\/file\/d\/1kp-B6R4vV8A7VFmqflOE4Dd8TTd6XZyc\/view?usp=sharing\" target=\"_blank\">\n\t\t\t\t\t\t<span class=\"elementor-button-content-wrapper\">\n\t\t\t\t\t\t\t\t\t<span class=\"elementor-button-text\">T\u00e9l\u00e9charger le programme<\/span>\n\t\t\t\t\t<\/span>\n\t\t\t\t\t<\/a>\n\t\t\t\t<\/div>\n\t\t\t\t\t\t\t\t<\/div>\n\t\t\t\t<\/div>\n\t\t\t\t<div class=\"elementor-element elementor-element-ca055df elementor-widget elementor-widget-spacer\" data-id=\"ca055df\" data-element_type=\"widget\" data-widget_type=\"spacer.default\">\n\t\t\t\t<div class=\"elementor-widget-container\">\n\t\t\t\t\t\t\t<div class=\"elementor-spacer\">\n\t\t\t<div class=\"elementor-spacer-inner\"><\/div>\n\t\t<\/div>\n\t\t\t\t\t\t<\/div>\n\t\t\t\t<\/div>\n\t\t\t\t\t<\/div>\n\t\t\t\t<\/div>\n\t\t<div class=\"elementor-element elementor-element-c0175dd e-flex e-con-boxed e-con e-parent\" data-id=\"c0175dd\" data-element_type=\"container\">\n\t\t\t\t\t<div class=\"e-con-inner\">\n\t\t\t\t<div class=\"elementor-element elementor-element-6e620bc elementor-widget elementor-widget-text-editor\" data-id=\"6e620bc\" data-element_type=\"widget\" data-widget_type=\"text-editor.default\">\n\t\t\t\t<div class=\"elementor-widget-container\">\n\t\t\t\t\t\t\t\t\t<p><em>Date de mise \u00e0 jour : F\u00e9vrier 2025<\/em><\/p>\t\t\t\t\t\t\t\t<\/div>\n\t\t\t\t<\/div>\n\t\t\t\t\t<\/div>\n\t\t\t\t<\/div>\n\t\t\t\t<\/div>\n\t\t","protected":false},"excerpt":{"rendered":"<p>EXCELLENCE OPERATIONNELLE EN HOTELLERIE &amp; LUXE OBJECTIFS P\u00c9DAGOGIQUES Structurer un service premium en int\u00e9grant les codes du luxe et en optimisant l\u2019exp\u00e9rience client. L\u2019h\u00f4tellerie haut degamme repose sur une attention m\u00e9ticuleuse aux d\u00e9tails et une anticipation des besoins. Cette formation permet aux\u00e9quipes de se d\u00e9marquer par un service ultra-personnalis\u00e9, une gestion efficace des r\u00e9clamations et [&hellip;]<\/p>\n","protected":false},"author":1,"featured_media":0,"parent":0,"menu_order":0,"comment_status":"closed","ping_status":"closed","template":"elementor_header_footer","meta":{"footnotes":""},"class_list":["post-5284","page","type-page","status-publish","hentry"],"_links":{"self":[{"href":"https:\/\/isonia-conseil.fr\/index.php\/wp-json\/wp\/v2\/pages\/5284","targetHints":{"allow":["GET"]}}],"collection":[{"href":"https:\/\/isonia-conseil.fr\/index.php\/wp-json\/wp\/v2\/pages"}],"about":[{"href":"https:\/\/isonia-conseil.fr\/index.php\/wp-json\/wp\/v2\/types\/page"}],"author":[{"embeddable":true,"href":"https:\/\/isonia-conseil.fr\/index.php\/wp-json\/wp\/v2\/users\/1"}],"replies":[{"embeddable":true,"href":"https:\/\/isonia-conseil.fr\/index.php\/wp-json\/wp\/v2\/comments?post=5284"}],"version-history":[{"count":31,"href":"https:\/\/isonia-conseil.fr\/index.php\/wp-json\/wp\/v2\/pages\/5284\/revisions"}],"predecessor-version":[{"id":6093,"href":"https:\/\/isonia-conseil.fr\/index.php\/wp-json\/wp\/v2\/pages\/5284\/revisions\/6093"}],"wp:attachment":[{"href":"https:\/\/isonia-conseil.fr\/index.php\/wp-json\/wp\/v2\/media?parent=5284"}],"curies":[{"name":"wp","href":"https:\/\/api.w.org\/{rel}","templated":true}]}}